{"id":11,"date":"2025-12-01T19:10:56","date_gmt":"2025-12-01T18:10:56","guid":{"rendered":"https:\/\/bolerofinemeats.eu\/kosar\/"},"modified":"2025-12-05T13:22:32","modified_gmt":"2025-12-05T12:22:32","slug":"kosar","status":"publish","type":"page","link":"https:\/\/bolerofinemeats.eu\/hu\/kosar\/","title":{"rendered":"Kos\u00e1r"},"content":{"rendered":"\t\t<div data-elementor-type=\"wp-page\" data-elementor-id=\"11\" class=\"elementor elementor-11\">\n\t\t\t\t<div class=\"elementor-element elementor-element-19e4d569 e-flex e-con-boxed wpr-particle-no wpr-jarallax-no wpr-parallax-no wpr-sticky-section-no e-con e-parent\" data-id=\"19e4d569\" data-element_type=\"container\" data-e-type=\"container\">\n\t\t\t\t\t<div class=\"e-con-inner\">\n\t\t<div class=\"elementor-element elementor-element-dea59c3 e-con-full e-flex wpr-particle-no wpr-jarallax-no wpr-parallax-no wpr-sticky-section-no e-con e-child\" data-id=\"dea59c3\" data-element_type=\"container\" data-e-type=\"container\">\n\t\t\t\t<div class=\"elementor-element elementor-element-1bc5261 elementor-widget elementor-widget-spacer\" data-id=\"1bc5261\" data-element_type=\"widget\" data-e-type=\"widget\" data-widget_type=\"spacer.default\">\n\t\t\t\t\t\t\t<div class=\"elementor-spacer\">\n\t\t\t<div class=\"elementor-spacer-inner\"><\/div>\n\t\t<\/div>\n\t\t\t\t\t\t<\/div>\n\t\t\t\t<\/div>\n\t\t\t\t\t<\/div>\n\t\t\t\t<\/div>\n\t\t\t\t<\/div>\n\t\t","protected":false},"excerpt":{"rendered":"<p>&nbsp; Term\u00e9k &nbsp; \u00c1r Mennyis\u00e9g R\u00e9sz\u00f6sszeg &times; F\u00fcst\u00f6lt paprik\u00e1s kolb\u00e1sz \u2013 csemege \u2013 400 g 6,00&nbsp;&euro; F\u00fcst\u00f6lt paprik\u00e1s kolb\u00e1sz \u2013 csemege \u2013 400 g mennyis\u00e9g 24,00&nbsp;&euro; &times; BOLERO Aj\u00e1nd\u00e9kcsomag \u2013 Nagy (2,3 kg) 34,50&nbsp;&euro; BOLERO Aj\u00e1nd\u00e9kcsomag \u2013 Nagy (2,3 kg) mennyis\u00e9g 34,50&nbsp;&euro; &times; F\u00fcst\u00f6lt paprik\u00e1s kolb\u00e1sz \u2013 cs\u00edp\u0151s \u2013 350 g 5,25&nbsp;&euro; F\u00fcst\u00f6lt paprik\u00e1s kolb\u00e1sz \u2013 cs\u00edp\u0151s \u2013 350 g mennyis\u00e9g 10,50&nbsp;&euro; Kos\u00e1r Friss\u00edt\u00e9se Kupon \u00e9rv\u00e9nyes\u00edt\u00e9se Cart Totals R\u00e9sz\u00f6sszeg 69,00&nbsp;&euro; \u00d6sszeg 69,00&nbsp;&euro; Proceed to Checkout<\/p>\n","protected":false},"author":1,"featured_media":0,"parent":0,"menu_order":0,"comment_status":"closed","ping_status":"closed","template":"","meta":{"footnotes":""},"class_list":["post-11","page","type-page","status-publish","hentry","entry","owp-thumbs-layout-horizontal","owp-btn-normal","owp-tabs-layout-horizontal","has-no-thumbnails","has-product-nav"],"yoast_head":"<!-- This site is optimized with the Yoast SEO plugin v27.1.1 - https:\/\/yoast.com\/product\/yoast-seo-wordpress\/ -->\n<title>Kos\u00e1r - BoleroFineMeats<\/title>\n<meta name=\"robots\" content=\"index, follow, max-snippet:-1, max-image-preview:large, max-video-preview:-1\" \/>\n<link rel=\"canonical\" href=\"https:\/\/bolerofinemeats.eu\/hu\/kosar\/\" \/>\n<meta property=\"og:locale\" content=\"hu_HU\" \/>\n<meta property=\"og:type\" content=\"article\" \/>\n<meta property=\"og:title\" content=\"Kos\u00e1r - BoleroFineMeats\" \/>\n<meta property=\"og:description\" content=\"&nbsp; Term\u00e9k &nbsp; \u00c1r Mennyis\u00e9g R\u00e9sz\u00f6sszeg &times; F\u00fcst\u00f6lt paprik\u00e1s kolb\u00e1sz \u2013 csemege \u2013 400 g 6,00&nbsp;&euro; F\u00fcst\u00f6lt paprik\u00e1s kolb\u00e1sz \u2013 csemege \u2013 400 g mennyis\u00e9g 24,00&nbsp;&euro; &times; BOLERO Aj\u00e1nd\u00e9kcsomag \u2013 Nagy (2,3 kg) 34,50&nbsp;&euro; BOLERO Aj\u00e1nd\u00e9kcsomag \u2013 Nagy (2,3 kg) mennyis\u00e9g 34,50&nbsp;&euro; &times; F\u00fcst\u00f6lt paprik\u00e1s kolb\u00e1sz \u2013 cs\u00edp\u0151s \u2013 350 g 5,25&nbsp;&euro; F\u00fcst\u00f6lt paprik\u00e1s kolb\u00e1sz \u2013 cs\u00edp\u0151s \u2013 350 g mennyis\u00e9g 10,50&nbsp;&euro; Kos\u00e1r Friss\u00edt\u00e9se Kupon \u00e9rv\u00e9nyes\u00edt\u00e9se Cart Totals R\u00e9sz\u00f6sszeg 69,00&nbsp;&euro; \u00d6sszeg 69,00&nbsp;&euro; Proceed to Checkout\" \/>\n<meta property=\"og:url\" content=\"https:\/\/bolerofinemeats.eu\/hu\/kosar\/\" \/>\n<meta property=\"og:site_name\" content=\"BoleroFineMeats\" \/>\n<meta property=\"article:modified_time\" content=\"2025-12-05T12:22:32+00:00\" \/>\n<meta property=\"og:image\" content=\"https:\/\/bolerofinemeats.eu\/wp-content\/uploads\/2025\/12\/kolbasz-csemege-300x164.jpg\" \/>\n<meta name=\"twitter:card\" content=\"summary_large_image\" \/>\n<meta name=\"twitter:label1\" content=\"Becs\u00fclt olvas\u00e1si id\u0151\" \/>\n\t<meta name=\"twitter:data1\" content=\"1 perc\" \/>\n<script type=\"application\/ld+json\" class=\"yoast-schema-graph\">{\"@context\":\"https:\/\/schema.org\",\"@graph\":[{\"@type\":\"WebPage\",\"@id\":\"https:\/\/bolerofinemeats.eu\/hu\/kosar\/\",\"url\":\"https:\/\/bolerofinemeats.eu\/hu\/kosar\/\",\"name\":\"Kos\u00e1r - BoleroFineMeats\",\"isPartOf\":{\"@id\":\"https:\/\/bolerofinemeats.eu\/hu\/#website\"},\"primaryImageOfPage\":{\"@id\":\"https:\/\/bolerofinemeats.eu\/hu\/kosar\/#primaryimage\"},\"image\":{\"@id\":\"https:\/\/bolerofinemeats.eu\/hu\/kosar\/#primaryimage\"},\"thumbnailUrl\":\"https:\/\/bolerofinemeats.eu\/wp-content\/uploads\/2025\/12\/kolbasz-csemege-300x164.jpg\",\"datePublished\":\"2025-12-01T18:10:56+00:00\",\"dateModified\":\"2025-12-05T12:22:32+00:00\",\"breadcrumb\":{\"@id\":\"https:\/\/bolerofinemeats.eu\/hu\/kosar\/#breadcrumb\"},\"inLanguage\":\"hu\",\"potentialAction\":[{\"@type\":\"ReadAction\",\"target\":[\"https:\/\/bolerofinemeats.eu\/hu\/kosar\/\"]}]},{\"@type\":\"ImageObject\",\"inLanguage\":\"hu\",\"@id\":\"https:\/\/bolerofinemeats.eu\/hu\/kosar\/#primaryimage\",\"url\":\"https:\/\/bolerofinemeats.eu\/wp-content\/uploads\/2025\/12\/kolbasz-csemege-300x164.jpg\",\"contentUrl\":\"https:\/\/bolerofinemeats.eu\/wp-content\/uploads\/2025\/12\/kolbasz-csemege-300x164.jpg\"},{\"@type\":\"BreadcrumbList\",\"@id\":\"https:\/\/bolerofinemeats.eu\/hu\/kosar\/#breadcrumb\",\"itemListElement\":[{\"@type\":\"ListItem\",\"position\":1,\"name\":\"Kezd\u0151lap\",\"item\":\"https:\/\/bolerofinemeats.eu\/hu\/\"},{\"@type\":\"ListItem\",\"position\":2,\"name\":\"Kos\u00e1r\"}]},{\"@type\":\"WebSite\",\"@id\":\"https:\/\/bolerofinemeats.eu\/hu\/#website\",\"url\":\"https:\/\/bolerofinemeats.eu\/hu\/\",\"name\":\"BoleroFineMeats\",\"description\":\"\",\"publisher\":{\"@id\":\"https:\/\/bolerofinemeats.eu\/hu\/#organization\"},\"potentialAction\":[{\"@type\":\"SearchAction\",\"target\":{\"@type\":\"EntryPoint\",\"urlTemplate\":\"https:\/\/bolerofinemeats.eu\/hu\/?s={search_term_string}\"},\"query-input\":{\"@type\":\"PropertyValueSpecification\",\"valueRequired\":true,\"valueName\":\"search_term_string\"}}],\"inLanguage\":\"hu\"},{\"@type\":\"Organization\",\"@id\":\"https:\/\/bolerofinemeats.eu\/hu\/#organization\",\"name\":\"BoleroFineMeats\",\"url\":\"https:\/\/bolerofinemeats.eu\/hu\/\",\"logo\":{\"@type\":\"ImageObject\",\"inLanguage\":\"hu\",\"@id\":\"https:\/\/bolerofinemeats.eu\/hu\/#\/schema\/logo\/image\/\",\"url\":\"https:\/\/bolerofinemeats.eu\/wp-content\/uploads\/2025\/12\/bolero-krem.png\",\"contentUrl\":\"https:\/\/bolerofinemeats.eu\/wp-content\/uploads\/2025\/12\/bolero-krem.png\",\"width\":512,\"height\":512,\"caption\":\"BoleroFineMeats\"},\"image\":{\"@id\":\"https:\/\/bolerofinemeats.eu\/hu\/#\/schema\/logo\/image\/\"}}]}<\/script>\n<!-- \/ Yoast SEO plugin. -->","yoast_head_json":{"title":"Kos\u00e1r - BoleroFineMeats","robots":{"index":"index","follow":"follow","max-snippet":"max-snippet:-1","max-image-preview":"max-image-preview:large","max-video-preview":"max-video-preview:-1"},"canonical":"https:\/\/bolerofinemeats.eu\/hu\/kosar\/","og_locale":"hu_HU","og_type":"article","og_title":"Kos\u00e1r - BoleroFineMeats","og_description":"&nbsp; Term\u00e9k &nbsp; \u00c1r Mennyis\u00e9g R\u00e9sz\u00f6sszeg &times; F\u00fcst\u00f6lt paprik\u00e1s kolb\u00e1sz \u2013 csemege \u2013 400 g 6,00&nbsp;&euro; F\u00fcst\u00f6lt paprik\u00e1s kolb\u00e1sz \u2013 csemege \u2013 400 g mennyis\u00e9g 24,00&nbsp;&euro; &times; BOLERO Aj\u00e1nd\u00e9kcsomag \u2013 Nagy (2,3 kg) 34,50&nbsp;&euro; BOLERO Aj\u00e1nd\u00e9kcsomag \u2013 Nagy (2,3 kg) mennyis\u00e9g 34,50&nbsp;&euro; &times; F\u00fcst\u00f6lt paprik\u00e1s kolb\u00e1sz \u2013 cs\u00edp\u0151s \u2013 350 g 5,25&nbsp;&euro; F\u00fcst\u00f6lt paprik\u00e1s kolb\u00e1sz \u2013 cs\u00edp\u0151s \u2013 350 g mennyis\u00e9g 10,50&nbsp;&euro; Kos\u00e1r Friss\u00edt\u00e9se Kupon \u00e9rv\u00e9nyes\u00edt\u00e9se Cart Totals R\u00e9sz\u00f6sszeg 69,00&nbsp;&euro; \u00d6sszeg 69,00&nbsp;&euro; Proceed to Checkout","og_url":"https:\/\/bolerofinemeats.eu\/hu\/kosar\/","og_site_name":"BoleroFineMeats","article_modified_time":"2025-12-05T12:22:32+00:00","og_image":[{"url":"https:\/\/bolerofinemeats.eu\/wp-content\/uploads\/2025\/12\/kolbasz-csemege-300x164.jpg","type":"","width":"","height":""}],"twitter_card":"summary_large_image","twitter_misc":{"Becs\u00fclt olvas\u00e1si id\u0151":"1 perc"},"schema":{"@context":"https:\/\/schema.org","@graph":[{"@type":"WebPage","@id":"https:\/\/bolerofinemeats.eu\/hu\/kosar\/","url":"https:\/\/bolerofinemeats.eu\/hu\/kosar\/","name":"Kos\u00e1r - BoleroFineMeats","isPartOf":{"@id":"https:\/\/bolerofinemeats.eu\/hu\/#website"},"primaryImageOfPage":{"@id":"https:\/\/bolerofinemeats.eu\/hu\/kosar\/#primaryimage"},"image":{"@id":"https:\/\/bolerofinemeats.eu\/hu\/kosar\/#primaryimage"},"thumbnailUrl":"https:\/\/bolerofinemeats.eu\/wp-content\/uploads\/2025\/12\/kolbasz-csemege-300x164.jpg","datePublished":"2025-12-01T18:10:56+00:00","dateModified":"2025-12-05T12:22:32+00:00","breadcrumb":{"@id":"https:\/\/bolerofinemeats.eu\/hu\/kosar\/#breadcrumb"},"inLanguage":"hu","potentialAction":[{"@type":"ReadAction","target":["https:\/\/bolerofinemeats.eu\/hu\/kosar\/"]}]},{"@type":"ImageObject","inLanguage":"hu","@id":"https:\/\/bolerofinemeats.eu\/hu\/kosar\/#primaryimage","url":"https:\/\/bolerofinemeats.eu\/wp-content\/uploads\/2025\/12\/kolbasz-csemege-300x164.jpg","contentUrl":"https:\/\/bolerofinemeats.eu\/wp-content\/uploads\/2025\/12\/kolbasz-csemege-300x164.jpg"},{"@type":"BreadcrumbList","@id":"https:\/\/bolerofinemeats.eu\/hu\/kosar\/#breadcrumb","itemListElement":[{"@type":"ListItem","position":1,"name":"Kezd\u0151lap","item":"https:\/\/bolerofinemeats.eu\/hu\/"},{"@type":"ListItem","position":2,"name":"Kos\u00e1r"}]},{"@type":"WebSite","@id":"https:\/\/bolerofinemeats.eu\/hu\/#website","url":"https:\/\/bolerofinemeats.eu\/hu\/","name":"BoleroFineMeats","description":"","publisher":{"@id":"https:\/\/bolerofinemeats.eu\/hu\/#organization"},"potentialAction":[{"@type":"SearchAction","target":{"@type":"EntryPoint","urlTemplate":"https:\/\/bolerofinemeats.eu\/hu\/?s={search_term_string}"},"query-input":{"@type":"PropertyValueSpecification","valueRequired":true,"valueName":"search_term_string"}}],"inLanguage":"hu"},{"@type":"Organization","@id":"https:\/\/bolerofinemeats.eu\/hu\/#organization","name":"BoleroFineMeats","url":"https:\/\/bolerofinemeats.eu\/hu\/","logo":{"@type":"ImageObject","inLanguage":"hu","@id":"https:\/\/bolerofinemeats.eu\/hu\/#\/schema\/logo\/image\/","url":"https:\/\/bolerofinemeats.eu\/wp-content\/uploads\/2025\/12\/bolero-krem.png","contentUrl":"https:\/\/bolerofinemeats.eu\/wp-content\/uploads\/2025\/12\/bolero-krem.png","width":512,"height":512,"caption":"BoleroFineMeats"},"image":{"@id":"https:\/\/bolerofinemeats.eu\/hu\/#\/schema\/logo\/image\/"}}]}},"_links":{"self":[{"href":"https:\/\/bolerofinemeats.eu\/hu\/wp-json\/wp\/v2\/pages\/11","targetHints":{"allow":["GET"]}}],"collection":[{"href":"https:\/\/bolerofinemeats.eu\/hu\/wp-json\/wp\/v2\/pages"}],"about":[{"href":"https:\/\/bolerofinemeats.eu\/hu\/wp-json\/wp\/v2\/types\/page"}],"author":[{"embeddable":true,"href":"https:\/\/bolerofinemeats.eu\/hu\/wp-json\/wp\/v2\/users\/1"}],"replies":[{"embeddable":true,"href":"https:\/\/bolerofinemeats.eu\/hu\/wp-json\/wp\/v2\/comments?post=11"}],"version-history":[{"count":0,"href":"https:\/\/bolerofinemeats.eu\/hu\/wp-json\/wp\/v2\/pages\/11\/revisions"}],"wp:attachment":[{"href":"https:\/\/bolerofinemeats.eu\/hu\/wp-json\/wp\/v2\/media?parent=11"}],"curies":[{"name":"wp","href":"https:\/\/api.w.org\/{rel}","templated":true}]}}